{"id":732,"date":"2018-08-31T17:15:51","date_gmt":"2018-08-31T20:15:51","guid":{"rendered":"https:\/\/escsanmartin-tuc.infd.edu.ar\/sitio\/tecnicatura-superior-en-administracion-de-empresas\/"},"modified":"2020-03-23T22:46:50","modified_gmt":"2020-03-24T01:46:50","slug":"tecnicatura-superior-en-administracion-de-empresas","status":"publish","type":"page","link":"https:\/\/escsanmartin-tuc.infd.edu.ar\/sitio\/tecnicatura-superior-en-administracion-de-empresas\/","title":{"rendered":"Tecnicatura Superior en Administraci\u00f3n de Empresas"},"content":{"rendered":"<p style=\"text-align: center;\"><a href=\"https:\/\/cooltext.com\"><img decoding=\"async\" loading=\"lazy\" src=\"https:\/\/images.cooltext.com\/4944606.png\" alt=\"T.S.A.E.\" width=\"237\" height=\"81\" border=\"0\" \/><\/a><\/p>\n<p style=\"text-align: justify;\"><span style=\"font-size: 10pt;\">El egresado de esta carrera contar\u00e1 con los s\u00f3lidos conocimientos que le posibilitar\u00e1n desempe\u00f1arse con idoneidad y compromiso \u00e9tico y social, en el orden medio del \u00e1rea de los sistemas administrativos de las organizaciones de distintas naturalezas.<\/span><\/p>\n<p style=\"text-align: justify;\"><span style=\"font-size: 10pt;\">Asimismo podr\u00e1 colaborar con los responsables de la conducci\u00f3n organizacional en el reconocimiento de los cambios producidos en el contexto y actuar en consecuencia, interpretando el marco de la pol\u00edtica de la empresa y por ende el proceso de negociaciones y acuerdos, suministrando informaci\u00f3n \u00fatli y oportuna para la toma de decisiones de la organizaci\u00f3n.<\/span><\/p>\n<p style=\"text-align: justify;\"><span style=\"font-size: 10pt;\">Estar\u00e1 capacitado para:<\/span><\/p>\n<ul>\n<li><span style=\"font-size: 13.3333px;\">Realizar la planifoicaci\u00f3n, organizaci\u00f3n y gesti\u00f3n administrativa en entidades privadas y p\u00fablicas, asistiendo a los niveles medios o gerenciales.<\/span><\/li>\n<li><span style=\"font-size: 13.3333px;\">Desarrollar tareas espec\u00edficas de soporte y gesti\u00f3n al gerente o encargado de las \u00e1reas de Recursos Humanos, Producci\u00f3n u Operaciones, Comercializaci\u00f3n y Finanzas de las organizaciones empresariales.<\/span><\/li>\n<li><span style=\"font-size: 13.3333px;\">Coordinar equipos de trabajo para la implementaci\u00f3n de sistemas administrativos, financieros y contables.<\/span><\/li>\n<li><span style=\"font-size: 13.3333px;\">Generar y administrar su propio emprendimiento.<\/span><\/li>\n<\/ul>\n","protected":false},"excerpt":{"rendered":"<p>El egresado de esta carrera contar\u00e1 con los s\u00f3lidos conocimientos que le posibilitar\u00e1n desempe\u00f1arse con idoneidad y compromiso \u00e9tico y social, en el orden medio del \u00e1rea de los sistemas administrativos de las organizaciones de distintas naturalezas. Asimismo podr\u00e1 colaborar con los responsables de la conducci\u00f3n organizacional en el reconocimiento de los cambios producidos en &#8230; <a title=\"Tecnicatura Superior en Administraci\u00f3n de Empresas\" class=\"read-more\" href=\"https:\/\/escsanmartin-tuc.infd.edu.ar\/sitio\/tecnicatura-superior-en-administracion-de-empresas\/\" aria-label=\"More on Tecnicatura Superior en Administraci\u00f3n de Empresas\">[+]<\/a><\/p>\n","protected":false},"author":752,"featured_media":0,"parent":0,"menu_order":0,"comment_status":"closed","ping_status":"closed","template":"","meta":[],"acf":[],"_links":{"self":[{"href":"https:\/\/escsanmartin-tuc.infd.edu.ar\/sitio\/wp-json\/wp\/v2\/pages\/732"}],"collection":[{"href":"https:\/\/escsanmartin-tuc.infd.edu.ar\/sitio\/wp-json\/wp\/v2\/pages"}],"about":[{"href":"https:\/\/escsanmartin-tuc.infd.edu.ar\/sitio\/wp-json\/wp\/v2\/types\/page"}],"author":[{"embeddable":true,"href":"https:\/\/escsanmartin-tuc.infd.edu.ar\/sitio\/wp-json\/wp\/v2\/users\/752"}],"replies":[{"embeddable":true,"href":"https:\/\/escsanmartin-tuc.infd.edu.ar\/sitio\/wp-json\/wp\/v2\/comments?post=732"}],"version-history":[{"count":1,"href":"https:\/\/escsanmartin-tuc.infd.edu.ar\/sitio\/wp-json\/wp\/v2\/pages\/732\/revisions"}],"predecessor-version":[{"id":790,"href":"https:\/\/escsanmartin-tuc.infd.edu.ar\/sitio\/wp-json\/wp\/v2\/pages\/732\/revisions\/790"}],"wp:attachment":[{"href":"https:\/\/escsanmartin-tuc.infd.edu.ar\/sitio\/wp-json\/wp\/v2\/media?parent=732"}],"curies":[{"name":"wp","href":"https:\/\/api.w.org\/{rel}","templated":true}]}}